{"id":86821,"date":"2023-02-01T19:19:56","date_gmt":"2023-02-01T18:19:56","guid":{"rendered":"https:\/\/carryfreedom.com\/shop\/unkategorisiert\/po-campo-logan-tote-bike-and-handbag\/"},"modified":"2026-02-27T10:20:26","modified_gmt":"2026-02-27T09:20:26","slug":"po-campo-logan-tote-bike-and-handbag","status":"publish","type":"product","link":"https:\/\/carryfreedom.com\/de\/shop\/po-campo-de-2\/po-campo-logan-tote-bike-and-handbag\/","title":{"rendered":"Po Campo Logan Tote Bike and Handbag"},"content":{"rendered":"<p>Logan Tote Details:<\/p>\n<ul>\n<li>Classy, spacious vegan tote has tons of pockets for keeping the essentials handy.<\/li>\n<li>Detachable, adjustable shoulder strap and carry handles offer more options<\/li>\n<li>Vegan design, features weather resistant zipper and fabrics<\/li>\n<li>CONNECT attachments can secure to bike racks<\/li>\n<li>Side bottle pockets<\/li>\n<\/ul>\n","protected":false},"excerpt":{"rendered":"<p>Classy, spacious vegan tote has tons of pockets for keeping the essentials handy. <\/p>\n","protected":false},"featured_media":86633,"comment_status":"open","ping_status":"closed","template":"","meta":[],"product_brand":[],"product_cat":[1198],"product_tag":[1214],"wf_product_folders":[],"class_list":{"0":"post-86821","1":"product","2":"type-product","3":"status-publish","4":"has-post-thumbnail","6":"product_cat-po-campo-de-2","7":"product_tag-pocampo-de","8":"product_shipping_class-standard-de","10":"first","11":"instock","12":"sale","13":"taxable","14":"shipping-taxable","15":"purchasable","16":"product-type-variable"},"yoast_head":"<!-- This site is optimized with the Yoast SEO Premium plugin v26.9 (Yoast SEO v27.4) - https:\/\/yoast.com\/product\/yoast-seo-premium-wordpress\/ -->\n<title>Po Campo Logan Tote Bike and Handbag - The CARRY FREEDOM Webshop<\/title>\n<meta name=\"description\" content=\"Elegante, ger\u00e4umige vegane Tragetasche mit vielen Taschen f\u00fcr das N\u00f6tigste. Passt auf Ihren Fahrradgep\u00e4cktr\u00e4ger. Fahre mit Stil. Von Po Campo aus Chicago.\" \/>\n<meta name=\"robots\" content=\"index, follow, max-snippet:-1, max-image-preview:large, max-video-preview:-1\" \/>\n<link rel=\"canonical\" href=\"https:\/\/carryfreedom.com\/de\/shop\/po-campo-de-2\/po-campo-logan-tote-bike-and-handbag\/\" \/>\n<meta property=\"og:locale\" content=\"de_DE\" \/>\n<meta property=\"og:type\" content=\"article\" \/>\n<meta property=\"og:title\" content=\"Po Campo Logan Tote Bike and Handbag\" \/>\n<meta property=\"og:description\" content=\"Elegante, ger\u00e4umige vegane Tragetasche mit vielen Taschen f\u00fcr das N\u00f6tigste. Passt auf Ihren Fahrradgep\u00e4cktr\u00e4ger. Fahre mit Stil. Von Po Campo aus Chicago.\" \/>\n<meta property=\"og:url\" content=\"https:\/\/carryfreedom.com\/de\/shop\/po-campo-de-2\/po-campo-logan-tote-bike-and-handbag\/\" \/>\n<meta property=\"og:site_name\" content=\"The CARRY FREEDOM Webshop\" \/>\n<meta property=\"article:publisher\" content=\"https:\/\/www.facebook.com\/carryfreedom\" \/>\n<meta property=\"article:modified_time\" content=\"2026-02-27T09:20:26+00:00\" \/>\n<meta property=\"og:image\" content=\"https:\/\/carryfreedom.com\/wp-content\/uploads\/Logan-Tote-UMBER-1.jpg\" \/>\n\t<meta property=\"og:image:width\" content=\"1200\" \/>\n\t<meta property=\"og:image:height\" content=\"1200\" \/>\n\t<meta property=\"og:image:type\" content=\"image\/jpeg\" \/>\n<meta name=\"twitter:card\" content=\"summary_large_image\" \/>\n<meta name=\"twitter:site\" content=\"@carry_freedom\" \/>\n<script type=\"application\/ld+json\" class=\"yoast-schema-graph\">{\"@context\":\"https:\\\/\\\/schema.org\",\"@graph\":[{\"@type\":\"WebPage\",\"@id\":\"https:\\\/\\\/carryfreedom.com\\\/de\\\/shop\\\/po-campo-de-2\\\/po-campo-logan-tote-bike-and-handbag\\\/\",\"url\":\"https:\\\/\\\/carryfreedom.com\\\/de\\\/shop\\\/po-campo-de-2\\\/po-campo-logan-tote-bike-and-handbag\\\/\",\"name\":\"Po Campo Logan Tote Bike and Handbag - The CARRY FREEDOM Webshop\",\"isPartOf\":{\"@id\":\"https:\\\/\\\/carryfreedom.com\\\/de\\\/#website\"},\"primaryImageOfPage\":{\"@id\":\"https:\\\/\\\/carryfreedom.com\\\/de\\\/shop\\\/po-campo-de-2\\\/po-campo-logan-tote-bike-and-handbag\\\/#primaryimage\"},\"image\":{\"@id\":\"https:\\\/\\\/carryfreedom.com\\\/de\\\/shop\\\/po-campo-de-2\\\/po-campo-logan-tote-bike-and-handbag\\\/#primaryimage\"},\"thumbnailUrl\":\"https:\\\/\\\/carryfreedom.com\\\/wp-content\\\/uploads\\\/Logan-Tote-UMBER-1.jpg\",\"datePublished\":\"2023-02-01T18:19:56+00:00\",\"dateModified\":\"2026-02-27T09:20:26+00:00\",\"description\":\"Elegante, ger\u00e4umige vegane Tragetasche mit vielen Taschen f\u00fcr das N\u00f6tigste. Passt auf Ihren Fahrradgep\u00e4cktr\u00e4ger. Fahre mit Stil. Von Po Campo aus Chicago.\",\"breadcrumb\":{\"@id\":\"https:\\\/\\\/carryfreedom.com\\\/de\\\/shop\\\/po-campo-de-2\\\/po-campo-logan-tote-bike-and-handbag\\\/#breadcrumb\"},\"inLanguage\":\"de\",\"potentialAction\":[{\"@type\":\"ReadAction\",\"target\":[\"https:\\\/\\\/carryfreedom.com\\\/de\\\/shop\\\/po-campo-de-2\\\/po-campo-logan-tote-bike-and-handbag\\\/\"]}]},{\"@type\":\"ImageObject\",\"inLanguage\":\"de\",\"@id\":\"https:\\\/\\\/carryfreedom.com\\\/de\\\/shop\\\/po-campo-de-2\\\/po-campo-logan-tote-bike-and-handbag\\\/#primaryimage\",\"url\":\"https:\\\/\\\/carryfreedom.com\\\/wp-content\\\/uploads\\\/Logan-Tote-UMBER-1.jpg\",\"contentUrl\":\"https:\\\/\\\/carryfreedom.com\\\/wp-content\\\/uploads\\\/Logan-Tote-UMBER-1.jpg\",\"width\":1200,\"height\":1200},{\"@type\":\"BreadcrumbList\",\"@id\":\"https:\\\/\\\/carryfreedom.com\\\/de\\\/shop\\\/po-campo-de-2\\\/po-campo-logan-tote-bike-and-handbag\\\/#breadcrumb\",\"itemListElement\":[{\"@type\":\"ListItem\",\"position\":1,\"name\":\"Home\",\"item\":\"https:\\\/\\\/carryfreedom.com\\\/de\\\/home21\\\/\"},{\"@type\":\"ListItem\",\"position\":2,\"name\":\"Shop\",\"item\":\"https:\\\/\\\/carryfreedom.com\\\/de\\\/shop-de\\\/\"},{\"@type\":\"ListItem\",\"position\":3,\"name\":\"Sonstige Marken\",\"item\":\"https:\\\/\\\/carryfreedom.com\\\/de\\\/shop\\\/other-brands\\\/\"},{\"@type\":\"ListItem\",\"position\":4,\"name\":\"Po Campo\",\"item\":\"https:\\\/\\\/carryfreedom.com\\\/de\\\/shop\\\/po-campo-de-2\\\/\"},{\"@type\":\"ListItem\",\"position\":5,\"name\":\"Po Campo Logan Tote Bike and Handbag\"}]},{\"@type\":\"WebSite\",\"@id\":\"https:\\\/\\\/carryfreedom.com\\\/de\\\/#website\",\"url\":\"https:\\\/\\\/carryfreedom.com\\\/de\\\/\",\"name\":\"The CARRY FREEDOM Webshop\",\"description\":\"A BIKE TRAILER REVOLUTION\",\"publisher\":{\"@id\":\"https:\\\/\\\/carryfreedom.com\\\/de\\\/#organization\"},\"potentialAction\":[{\"@type\":\"SearchAction\",\"target\":{\"@type\":\"EntryPoint\",\"urlTemplate\":\"https:\\\/\\\/carryfreedom.com\\\/de\\\/?s={search_term_string}\"},\"query-input\":{\"@type\":\"PropertyValueSpecification\",\"valueRequired\":true,\"valueName\":\"search_term_string\"}}],\"inLanguage\":\"de\"},{\"@type\":\"Organization\",\"@id\":\"https:\\\/\\\/carryfreedom.com\\\/de\\\/#organization\",\"name\":\"The CARRY FREEDOM Webshop - USED GmbH\",\"url\":\"https:\\\/\\\/carryfreedom.com\\\/de\\\/\",\"logo\":{\"@type\":\"ImageObject\",\"inLanguage\":\"de\",\"@id\":\"https:\\\/\\\/carryfreedom.com\\\/de\\\/#\\\/schema\\\/logo\\\/image\\\/\",\"url\":\"https:\\\/\\\/carryfreedom.com\\\/wp-content\\\/uploads\\\/Standard-Yoast.jpg\",\"contentUrl\":\"https:\\\/\\\/carryfreedom.com\\\/wp-content\\\/uploads\\\/Standard-Yoast.jpg\",\"width\":1200,\"height\":675,\"caption\":\"The CARRY FREEDOM Webshop - USED GmbH\"},\"image\":{\"@id\":\"https:\\\/\\\/carryfreedom.com\\\/de\\\/#\\\/schema\\\/logo\\\/image\\\/\"},\"sameAs\":[\"https:\\\/\\\/www.facebook.com\\\/carryfreedom\",\"https:\\\/\\\/x.com\\\/carry_freedom\",\"https:\\\/\\\/www.instagram.com\\\/carryfreedomhq\\\/\"]}]}<\/script>\n<!-- \/ Yoast SEO Premium plugin. -->","yoast_head_json":{"title":"Po Campo Logan Tote Bike and Handbag - The CARRY FREEDOM Webshop","description":"Elegante, ger\u00e4umige vegane Tragetasche mit vielen Taschen f\u00fcr das N\u00f6tigste. Passt auf Ihren Fahrradgep\u00e4cktr\u00e4ger. Fahre mit Stil. Von Po Campo aus Chicago.","robots":{"index":"index","follow":"follow","max-snippet":"max-snippet:-1","max-image-preview":"max-image-preview:large","max-video-preview":"max-video-preview:-1"},"canonical":"https:\/\/carryfreedom.com\/de\/shop\/po-campo-de-2\/po-campo-logan-tote-bike-and-handbag\/","og_locale":"de_DE","og_type":"article","og_title":"Po Campo Logan Tote Bike and Handbag","og_description":"Elegante, ger\u00e4umige vegane Tragetasche mit vielen Taschen f\u00fcr das N\u00f6tigste. Passt auf Ihren Fahrradgep\u00e4cktr\u00e4ger. Fahre mit Stil. Von Po Campo aus Chicago.","og_url":"https:\/\/carryfreedom.com\/de\/shop\/po-campo-de-2\/po-campo-logan-tote-bike-and-handbag\/","og_site_name":"The CARRY FREEDOM Webshop","article_publisher":"https:\/\/www.facebook.com\/carryfreedom","article_modified_time":"2026-02-27T09:20:26+00:00","og_image":[{"width":1200,"height":1200,"url":"https:\/\/carryfreedom.com\/wp-content\/uploads\/Logan-Tote-UMBER-1.jpg","type":"image\/jpeg"}],"twitter_card":"summary_large_image","twitter_site":"@carry_freedom","schema":{"@context":"https:\/\/schema.org","@graph":[{"@type":"WebPage","@id":"https:\/\/carryfreedom.com\/de\/shop\/po-campo-de-2\/po-campo-logan-tote-bike-and-handbag\/","url":"https:\/\/carryfreedom.com\/de\/shop\/po-campo-de-2\/po-campo-logan-tote-bike-and-handbag\/","name":"Po Campo Logan Tote Bike and Handbag - The CARRY FREEDOM Webshop","isPartOf":{"@id":"https:\/\/carryfreedom.com\/de\/#website"},"primaryImageOfPage":{"@id":"https:\/\/carryfreedom.com\/de\/shop\/po-campo-de-2\/po-campo-logan-tote-bike-and-handbag\/#primaryimage"},"image":{"@id":"https:\/\/carryfreedom.com\/de\/shop\/po-campo-de-2\/po-campo-logan-tote-bike-and-handbag\/#primaryimage"},"thumbnailUrl":"https:\/\/carryfreedom.com\/wp-content\/uploads\/Logan-Tote-UMBER-1.jpg","datePublished":"2023-02-01T18:19:56+00:00","dateModified":"2026-02-27T09:20:26+00:00","description":"Elegante, ger\u00e4umige vegane Tragetasche mit vielen Taschen f\u00fcr das N\u00f6tigste. Passt auf Ihren Fahrradgep\u00e4cktr\u00e4ger. Fahre mit Stil. Von Po Campo aus Chicago.","breadcrumb":{"@id":"https:\/\/carryfreedom.com\/de\/shop\/po-campo-de-2\/po-campo-logan-tote-bike-and-handbag\/#breadcrumb"},"inLanguage":"de","potentialAction":[{"@type":"ReadAction","target":["https:\/\/carryfreedom.com\/de\/shop\/po-campo-de-2\/po-campo-logan-tote-bike-and-handbag\/"]}]},{"@type":"ImageObject","inLanguage":"de","@id":"https:\/\/carryfreedom.com\/de\/shop\/po-campo-de-2\/po-campo-logan-tote-bike-and-handbag\/#primaryimage","url":"https:\/\/carryfreedom.com\/wp-content\/uploads\/Logan-Tote-UMBER-1.jpg","contentUrl":"https:\/\/carryfreedom.com\/wp-content\/uploads\/Logan-Tote-UMBER-1.jpg","width":1200,"height":1200},{"@type":"BreadcrumbList","@id":"https:\/\/carryfreedom.com\/de\/shop\/po-campo-de-2\/po-campo-logan-tote-bike-and-handbag\/#breadcrumb","itemListElement":[{"@type":"ListItem","position":1,"name":"Home","item":"https:\/\/carryfreedom.com\/de\/home21\/"},{"@type":"ListItem","position":2,"name":"Shop","item":"https:\/\/carryfreedom.com\/de\/shop-de\/"},{"@type":"ListItem","position":3,"name":"Sonstige Marken","item":"https:\/\/carryfreedom.com\/de\/shop\/other-brands\/"},{"@type":"ListItem","position":4,"name":"Po Campo","item":"https:\/\/carryfreedom.com\/de\/shop\/po-campo-de-2\/"},{"@type":"ListItem","position":5,"name":"Po Campo Logan Tote Bike and Handbag"}]},{"@type":"WebSite","@id":"https:\/\/carryfreedom.com\/de\/#website","url":"https:\/\/carryfreedom.com\/de\/","name":"The CARRY FREEDOM Webshop","description":"A BIKE TRAILER REVOLUTION","publisher":{"@id":"https:\/\/carryfreedom.com\/de\/#organization"},"potentialAction":[{"@type":"SearchAction","target":{"@type":"EntryPoint","urlTemplate":"https:\/\/carryfreedom.com\/de\/?s={search_term_string}"},"query-input":{"@type":"PropertyValueSpecification","valueRequired":true,"valueName":"search_term_string"}}],"inLanguage":"de"},{"@type":"Organization","@id":"https:\/\/carryfreedom.com\/de\/#organization","name":"The CARRY FREEDOM Webshop - USED GmbH","url":"https:\/\/carryfreedom.com\/de\/","logo":{"@type":"ImageObject","inLanguage":"de","@id":"https:\/\/carryfreedom.com\/de\/#\/schema\/logo\/image\/","url":"https:\/\/carryfreedom.com\/wp-content\/uploads\/Standard-Yoast.jpg","contentUrl":"https:\/\/carryfreedom.com\/wp-content\/uploads\/Standard-Yoast.jpg","width":1200,"height":675,"caption":"The CARRY FREEDOM Webshop - USED GmbH"},"image":{"@id":"https:\/\/carryfreedom.com\/de\/#\/schema\/logo\/image\/"},"sameAs":["https:\/\/www.facebook.com\/carryfreedom","https:\/\/x.com\/carry_freedom","https:\/\/www.instagram.com\/carryfreedomhq\/"]}]}},"_links":{"self":[{"href":"https:\/\/carryfreedom.com\/de\/wp-json\/wp\/v2\/product\/86821","targetHints":{"allow":["GET"]}}],"collection":[{"href":"https:\/\/carryfreedom.com\/de\/wp-json\/wp\/v2\/product"}],"about":[{"href":"https:\/\/carryfreedom.com\/de\/wp-json\/wp\/v2\/types\/product"}],"replies":[{"embeddable":true,"href":"https:\/\/carryfreedom.com\/de\/wp-json\/wp\/v2\/comments?post=86821"}],"wp:featuredmedia":[{"embeddable":true,"href":"https:\/\/carryfreedom.com\/de\/wp-json\/wp\/v2\/media\/86633"}],"wp:attachment":[{"href":"https:\/\/carryfreedom.com\/de\/wp-json\/wp\/v2\/media?parent=86821"}],"wp:term":[{"taxonomy":"product_brand","embeddable":true,"href":"https:\/\/carryfreedom.com\/de\/wp-json\/wp\/v2\/product_brand?post=86821"},{"taxonomy":"product_cat","embeddable":true,"href":"https:\/\/carryfreedom.com\/de\/wp-json\/wp\/v2\/product_cat?post=86821"},{"taxonomy":"product_tag","embeddable":true,"href":"https:\/\/carryfreedom.com\/de\/wp-json\/wp\/v2\/product_tag?post=86821"},{"taxonomy":"wf_product_folders","embeddable":true,"href":"https:\/\/carryfreedom.com\/de\/wp-json\/wp\/v2\/wf_product_folders?post=86821"}],"curies":[{"name":"wp","href":"https:\/\/api.w.org\/{rel}","templated":true}]}}