{"id":79144,"date":"2022-07-29T10:48:34","date_gmt":"2022-07-29T08:48:34","guid":{"rendered":"https:\/\/carryfreedom.com\/die-zahlungsarten\/"},"modified":"2022-10-04T17:06:13","modified_gmt":"2022-10-04T15:06:13","slug":"payment_methods","status":"publish","type":"page","link":"https:\/\/carryfreedom.com\/de\/payment_methods\/","title":{"rendered":"Payment Methods"},"content":{"rendered":"\n  <div class=\"banner has-hover bg-overlay-remove-50 bg-zoom has-parallax\" id=\"banner-228540597\">\n          <div class=\"banner-inner fill\">\n        <div class=\"banner-bg fill\" data-parallax=\"-3\" data-parallax-container=\".banner\" data-parallax-background>\n            <img loading=\"lazy\" decoding=\"async\" width=\"1020\" height=\"638\" src=\"https:\/\/carryfreedom.com\/wp-content\/uploads\/full-sliderCinecicleta-3-scaled-1024x640.jpg\" class=\"bg attachment-large size-large\" alt=\"\" \/>                        <div class=\"overlay\"><\/div>            \n                    <\/div>\n\t\t\n        <div class=\"banner-layers container\">\n            <div class=\"fill banner-link\"><\/div>            \n   <div id=\"text-box-1741758745\" class=\"text-box banner-layer x50 md-x50 lg-x50 y50 md-y50 lg-y50 res-text\">\n                                <div class=\"text-box-content text dark\">\n              \n              <div class=\"text-inner text-center\">\n                  \n<h2 class=\"uppercase\"><strong>GIB UNS DAS GELD!<\/strong><\/h2>\n<p class=\"lead\">Brauchen Sie Hilfe bei der Zahlung?<br \/>\nPayPal, Kreditkarte, Bank\u00fcberweisung usw.?<br \/>\nDas sollte helfen.<\/p>\n              <\/div>\n           <\/div>\n                            \n<style>\n#text-box-1741758745 {\n  width: 60%;\n}\n#text-box-1741758745 .text-box-content {\n  font-size: 100%;\n}\n<\/style>\n    <\/div>\n \n        <\/div>\n      <\/div>\n\n            \n<style>\n#banner-228540597 {\n  padding-top: 500px;\n}\n#banner-228540597 .overlay {\n  background-color: rgba(0, 0, 0, 0.35);\n}\n#banner-228540597 .banner-bg img {\n  object-position: 96% 100%;\n}\n<\/style>\n  <\/div>\n\n\n\t<div id=\"gap-92328968\" class=\"gap-element clearfix\" style=\"display:block; height:auto;\">\n\t\t\n<style>\n#gap-92328968 {\n  padding-top: 30px;\n}\n<\/style>\n\t<\/div>\n\t\n<h1><span style=\"color: #b20000;\">GIB UNS DAS GELD!<\/span><\/h1>\n<p><strong>Zahlungsarten<\/strong><\/p>\n<p>Wir bieten die folgenden Zahlungsarten an. Suchen Sie einfach in der Liste nach der besten Zahlungsart f\u00fcr Sie. Die Versandkosten k\u00f6nnen je nach gew\u00e4hlter Zahlungsart variieren. Die in den jeweiligen Angeboten angegebenen Preise sind Endpreise und enthalten alle Preisbestandteile (einschlie\u00dflich der gegebenenfalls anfallenden Steuern wie der Mehrwertsteuer). Andere Steuern (z.B. bei innergemeinschaftlichen K\u00e4ufen) und\/oder Abgaben (z.B. Z\u00f6lle) fallen nur bei grenz\u00fcberschreitenden Transaktionen an und sind an die jeweiligen Zoll- und\/oder Steuerbeh\u00f6rden und nicht an den Verk\u00e4ufer zu zahlen. Die Kosten f\u00fcr Versand und Lieferung sind nicht im Kaufpreis enthalten und k\u00f6nnen auf der Seite &#8220;Versandkosten&#8221; eingesehen werden. Sie werden w\u00e4hrend des Bestellvorgangs gesondert ausgewiesen und sind von Ihnen zus\u00e4tzlich zum Kaufpreis zu zahlen.<\/p>\n<p>Der Versand in einige L\u00e4nder ist nicht in unser Shopsystem integriert. Falls Ihr Land im Bestellprozess nicht sichtbar ist, m\u00fcssen wir einen Kostenvoranschlag f\u00fcr Sie erstellen. Nehmen Sie in diesem Fall Kontakt mit uns auf, um weitere Informationen zu erhalten.<\/p>\n<p><em>Kreditkarte<\/em><\/p>\n<p>Problemlose Zahlung mit Kreditkarte \u00fcber unseren Partner Stripe.<\/p>\n<p><em>PayPal<\/em><\/p>\n<p>Die Bezahlung erfolgt schnell und einfach \u00fcber Ihr PayPal-Konto.<\/p>\n<p><em>Vorauszahlung<\/em><\/p>\n<p>Bitte \u00fcberweisen Sie den f\u00e4lligen Gesamtbetrag auf unser Konto:<\/p>\n<p>Kontoinhaber: USED GmbH<br \/>\nAccount number: 85485100<br \/>\nBank: Kreissparkasse Bersenbr\u00fcck<br \/>\nBIC: NOLADE21BEB<br \/>\nIBAN: DE29 2655 1540 0085 4851 00<\/p>\n<p>Kostenlose Lieferung innerhalb Deutschlands ab einem Bestellwert von 150 \u20ac (Ausnahme: abgelegene Gebiete und f\u00fcr USED-Steel-Bikes)<br \/>\nAlle Versandkosten (national und international) finden Sie auf unserer extra Seite &#8220;Versandkosten&#8221;.<\/p>\n","protected":false},"excerpt":{"rendered":"<p>GIB UNS DAS GELD! Zahlungsarten Wir bieten die folgenden Zahlungsarten an. Suchen Sie einfach in der Liste nach der besten Zahlungsart f\u00fcr Sie. Die Versandkosten k\u00f6nnen je nach gew\u00e4hlter Zahlungsart variieren. Die in den jeweiligen Angeboten angegebenen Preise sind Endpreise und enthalten alle Preisbestandteile (einschlie\u00dflich der gegebenenfalls anfallenden Steuern wie der Mehrwertsteuer). Andere Steuern (z.B. [&#8230;]\n","protected":false},"author":1,"featured_media":0,"parent":0,"menu_order":0,"comment_status":"closed","ping_status":"closed","template":"","meta":{"footnotes":""},"wf_page_folders":[878],"class_list":["post-79144","page","type-page","status-publish","hentry"],"yoast_head":"<!-- This site is optimized with the Yoast SEO Premium plugin v26.9 (Yoast SEO v27.4) - https:\/\/yoast.com\/product\/yoast-seo-premium-wordpress\/ -->\n<title>Payment Methods - The CARRY FREEDOM Webshop<\/title>\n<meta name=\"robots\" content=\"index, follow, max-snippet:-1, max-image-preview:large, max-video-preview:-1\" \/>\n<link rel=\"canonical\" href=\"https:\/\/carryfreedom.com\/de\/payment_methods\/\" \/>\n<meta property=\"og:locale\" content=\"de_DE\" \/>\n<meta property=\"og:type\" content=\"article\" \/>\n<meta property=\"og:title\" content=\"Payment Methods\" \/>\n<meta property=\"og:description\" content=\"GIB UNS DAS GELD! Zahlungsarten Wir bieten die folgenden Zahlungsarten an. Suchen Sie einfach in der Liste nach der besten Zahlungsart f\u00fcr Sie. Die Versandkosten k\u00f6nnen je nach gew\u00e4hlter Zahlungsart variieren. Die in den jeweiligen Angeboten angegebenen Preise sind Endpreise und enthalten alle Preisbestandteile (einschlie\u00dflich der gegebenenfalls anfallenden Steuern wie der Mehrwertsteuer). Andere Steuern (z.B. [...]\" \/>\n<meta property=\"og:url\" content=\"https:\/\/carryfreedom.com\/de\/payment_methods\/\" \/>\n<meta property=\"og:site_name\" content=\"The CARRY FREEDOM Webshop\" \/>\n<meta property=\"article:publisher\" content=\"https:\/\/www.facebook.com\/carryfreedom\" \/>\n<meta property=\"article:modified_time\" content=\"2022-10-04T15:06:13+00:00\" \/>\n<meta name=\"twitter:card\" content=\"summary_large_image\" \/>\n<meta name=\"twitter:site\" content=\"@carry_freedom\" \/>\n<meta name=\"twitter:label1\" content=\"Gesch\u00e4tzte Lesezeit\" \/>\n\t<meta name=\"twitter:data1\" content=\"1\u00a0Minute\" \/>\n<script type=\"application\/ld+json\" class=\"yoast-schema-graph\">{\"@context\":\"https:\\\/\\\/schema.org\",\"@graph\":[{\"@type\":\"WebPage\",\"@id\":\"https:\\\/\\\/carryfreedom.com\\\/de\\\/payment_methods\\\/\",\"url\":\"https:\\\/\\\/carryfreedom.com\\\/de\\\/payment_methods\\\/\",\"name\":\"Payment Methods - The CARRY FREEDOM Webshop\",\"isPartOf\":{\"@id\":\"https:\\\/\\\/carryfreedom.com\\\/de\\\/#website\"},\"datePublished\":\"2022-07-29T08:48:34+00:00\",\"dateModified\":\"2022-10-04T15:06:13+00:00\",\"breadcrumb\":{\"@id\":\"https:\\\/\\\/carryfreedom.com\\\/de\\\/payment_methods\\\/#breadcrumb\"},\"inLanguage\":\"de\",\"potentialAction\":[{\"@type\":\"ReadAction\",\"target\":[\"https:\\\/\\\/carryfreedom.com\\\/de\\\/payment_methods\\\/\"]}]},{\"@type\":\"BreadcrumbList\",\"@id\":\"https:\\\/\\\/carryfreedom.com\\\/de\\\/payment_methods\\\/#breadcrumb\",\"itemListElement\":[{\"@type\":\"ListItem\",\"position\":1,\"name\":\"Home\",\"item\":\"https:\\\/\\\/carryfreedom.com\\\/de\\\/home21\\\/\"},{\"@type\":\"ListItem\",\"position\":2,\"name\":\"Payment Methods\"}]},{\"@type\":\"WebSite\",\"@id\":\"https:\\\/\\\/carryfreedom.com\\\/de\\\/#website\",\"url\":\"https:\\\/\\\/carryfreedom.com\\\/de\\\/\",\"name\":\"The CARRY FREEDOM Webshop\",\"description\":\"A BIKE TRAILER REVOLUTION\",\"publisher\":{\"@id\":\"https:\\\/\\\/carryfreedom.com\\\/de\\\/#organization\"},\"potentialAction\":[{\"@type\":\"SearchAction\",\"target\":{\"@type\":\"EntryPoint\",\"urlTemplate\":\"https:\\\/\\\/carryfreedom.com\\\/de\\\/?s={search_term_string}\"},\"query-input\":{\"@type\":\"PropertyValueSpecification\",\"valueRequired\":true,\"valueName\":\"search_term_string\"}}],\"inLanguage\":\"de\"},{\"@type\":\"Organization\",\"@id\":\"https:\\\/\\\/carryfreedom.com\\\/de\\\/#organization\",\"name\":\"The CARRY FREEDOM Webshop - USED GmbH\",\"url\":\"https:\\\/\\\/carryfreedom.com\\\/de\\\/\",\"logo\":{\"@type\":\"ImageObject\",\"inLanguage\":\"de\",\"@id\":\"https:\\\/\\\/carryfreedom.com\\\/de\\\/#\\\/schema\\\/logo\\\/image\\\/\",\"url\":\"https:\\\/\\\/carryfreedom.com\\\/wp-content\\\/uploads\\\/Standard-Yoast.jpg\",\"contentUrl\":\"https:\\\/\\\/carryfreedom.com\\\/wp-content\\\/uploads\\\/Standard-Yoast.jpg\",\"width\":1200,\"height\":675,\"caption\":\"The CARRY FREEDOM Webshop - USED GmbH\"},\"image\":{\"@id\":\"https:\\\/\\\/carryfreedom.com\\\/de\\\/#\\\/schema\\\/logo\\\/image\\\/\"},\"sameAs\":[\"https:\\\/\\\/www.facebook.com\\\/carryfreedom\",\"https:\\\/\\\/x.com\\\/carry_freedom\",\"https:\\\/\\\/www.instagram.com\\\/carryfreedomhq\\\/\"]}]}<\/script>\n<!-- \/ Yoast SEO Premium plugin. -->","yoast_head_json":{"title":"Payment Methods - The CARRY FREEDOM Webshop","robots":{"index":"index","follow":"follow","max-snippet":"max-snippet:-1","max-image-preview":"max-image-preview:large","max-video-preview":"max-video-preview:-1"},"canonical":"https:\/\/carryfreedom.com\/de\/payment_methods\/","og_locale":"de_DE","og_type":"article","og_title":"Payment Methods","og_description":"GIB UNS DAS GELD! Zahlungsarten Wir bieten die folgenden Zahlungsarten an. Suchen Sie einfach in der Liste nach der besten Zahlungsart f\u00fcr Sie. Die Versandkosten k\u00f6nnen je nach gew\u00e4hlter Zahlungsart variieren. Die in den jeweiligen Angeboten angegebenen Preise sind Endpreise und enthalten alle Preisbestandteile (einschlie\u00dflich der gegebenenfalls anfallenden Steuern wie der Mehrwertsteuer). Andere Steuern (z.B. [...]","og_url":"https:\/\/carryfreedom.com\/de\/payment_methods\/","og_site_name":"The CARRY FREEDOM Webshop","article_publisher":"https:\/\/www.facebook.com\/carryfreedom","article_modified_time":"2022-10-04T15:06:13+00:00","twitter_card":"summary_large_image","twitter_site":"@carry_freedom","twitter_misc":{"Gesch\u00e4tzte Lesezeit":"1\u00a0Minute"},"schema":{"@context":"https:\/\/schema.org","@graph":[{"@type":"WebPage","@id":"https:\/\/carryfreedom.com\/de\/payment_methods\/","url":"https:\/\/carryfreedom.com\/de\/payment_methods\/","name":"Payment Methods - The CARRY FREEDOM Webshop","isPartOf":{"@id":"https:\/\/carryfreedom.com\/de\/#website"},"datePublished":"2022-07-29T08:48:34+00:00","dateModified":"2022-10-04T15:06:13+00:00","breadcrumb":{"@id":"https:\/\/carryfreedom.com\/de\/payment_methods\/#breadcrumb"},"inLanguage":"de","potentialAction":[{"@type":"ReadAction","target":["https:\/\/carryfreedom.com\/de\/payment_methods\/"]}]},{"@type":"BreadcrumbList","@id":"https:\/\/carryfreedom.com\/de\/payment_methods\/#breadcrumb","itemListElement":[{"@type":"ListItem","position":1,"name":"Home","item":"https:\/\/carryfreedom.com\/de\/home21\/"},{"@type":"ListItem","position":2,"name":"Payment Methods"}]},{"@type":"WebSite","@id":"https:\/\/carryfreedom.com\/de\/#website","url":"https:\/\/carryfreedom.com\/de\/","name":"The CARRY FREEDOM Webshop","description":"A BIKE TRAILER REVOLUTION","publisher":{"@id":"https:\/\/carryfreedom.com\/de\/#organization"},"potentialAction":[{"@type":"SearchAction","target":{"@type":"EntryPoint","urlTemplate":"https:\/\/carryfreedom.com\/de\/?s={search_term_string}"},"query-input":{"@type":"PropertyValueSpecification","valueRequired":true,"valueName":"search_term_string"}}],"inLanguage":"de"},{"@type":"Organization","@id":"https:\/\/carryfreedom.com\/de\/#organization","name":"The CARRY FREEDOM Webshop - USED GmbH","url":"https:\/\/carryfreedom.com\/de\/","logo":{"@type":"ImageObject","inLanguage":"de","@id":"https:\/\/carryfreedom.com\/de\/#\/schema\/logo\/image\/","url":"https:\/\/carryfreedom.com\/wp-content\/uploads\/Standard-Yoast.jpg","contentUrl":"https:\/\/carryfreedom.com\/wp-content\/uploads\/Standard-Yoast.jpg","width":1200,"height":675,"caption":"The CARRY FREEDOM Webshop - USED GmbH"},"image":{"@id":"https:\/\/carryfreedom.com\/de\/#\/schema\/logo\/image\/"},"sameAs":["https:\/\/www.facebook.com\/carryfreedom","https:\/\/x.com\/carry_freedom","https:\/\/www.instagram.com\/carryfreedomhq\/"]}]}},"_links":{"self":[{"href":"https:\/\/carryfreedom.com\/de\/wp-json\/wp\/v2\/pages\/79144","targetHints":{"allow":["GET"]}}],"collection":[{"href":"https:\/\/carryfreedom.com\/de\/wp-json\/wp\/v2\/pages"}],"about":[{"href":"https:\/\/carryfreedom.com\/de\/wp-json\/wp\/v2\/types\/page"}],"author":[{"embeddable":true,"href":"https:\/\/carryfreedom.com\/de\/wp-json\/wp\/v2\/users\/1"}],"replies":[{"embeddable":true,"href":"https:\/\/carryfreedom.com\/de\/wp-json\/wp\/v2\/comments?post=79144"}],"version-history":[{"count":0,"href":"https:\/\/carryfreedom.com\/de\/wp-json\/wp\/v2\/pages\/79144\/revisions"}],"wp:attachment":[{"href":"https:\/\/carryfreedom.com\/de\/wp-json\/wp\/v2\/media?parent=79144"}],"wp:term":[{"taxonomy":"wf_page_folders","embeddable":true,"href":"https:\/\/carryfreedom.com\/de\/wp-json\/wp\/v2\/wf_page_folders?post=79144"}],"curies":[{"name":"wp","href":"https:\/\/api.w.org\/{rel}","templated":true}]}}