{"id":76502,"date":"2021-11-25T13:03:15","date_gmt":"2021-11-25T12:03:15","guid":{"rendered":"https:\/\/carryfreedom.com\/support"},"modified":"2022-10-14T13:41:50","modified_gmt":"2022-10-14T11:41:50","slug":"support-de","status":"publish","type":"page","link":"https:\/\/carryfreedom.com\/de\/support-de\/","title":{"rendered":"Support"},"content":{"rendered":"  <div class=\"banner-grid-wrapper\">\n  <div id=\"banner-grid-856535607\" class=\"banner-grid row row-grid row-small\" data-packery-options=\"\">\n                      \n<div class=\"col grid-col large-6 grid-col-2-3\" ><div class=\"col-inner\">\n\n  <div class=\"banner has-hover bg-overlay-remove has-parallax\" id=\"banner-1297357196\">\n          <div class=\"banner-inner fill\">\n        <div class=\"banner-bg fill\" data-parallax=\"-4\" data-parallax-container=\".banner\" data-parallax-background>\n            <img loading=\"lazy\" decoding=\"async\" width=\"1200\" height=\"1200\" src=\"https:\/\/carryfreedom.com\/wp-content\/uploads\/BAckground-Red-Kayak-bottom-2021.jpg\" class=\"bg attachment-original size-original\" alt=\"\" \/>                        <div class=\"overlay\"><\/div>            \n                    <\/div>\n\t\t\n        <div class=\"banner-layers container\">\n            <a class=\"fill\" href=\"http:\/\/downloads-de\"><div class=\"fill banner-link\"><\/div><\/a>            \n   <div id=\"text-box-1898470038\" class=\"text-box banner-layer x5 md-x5 lg-x5 y50 md-y50 lg-y50 res-text\">\n                                <div class=\"text-box-content text dark\">\n              \n              <div class=\"text-inner text-left\">\n                  \n<h2 class=\"uppercase\"><strong>DOWNLOADS<\/strong><\/h2>\n<h3>Handb\u00fccher, Infos etc.<\/h3>\n<p class=\"lead\">Hast du das Handbuch verloren? Brauchst du eine andere Sprache? M\u00f6chtest du den Katalog sehen? Hier musst du hin&#8230;..<\/p>\n<a href=\"\/de\/downloads-de\/\" class=\"button white is-outline is-larger\" >\n\t\t<span>Los geht's<\/span>\n\t<\/a>\n\n              <\/div>\n           <\/div>\n                            \n<style>\n#text-box-1898470038 {\n  width: 60%;\n}\n#text-box-1898470038 .text-box-content {\n  font-size: 100%;\n}\n@media (min-width:550px) {\n  #text-box-1898470038 {\n    width: 40%;\n  }\n}\n<\/style>\n    <\/div>\n \n        <\/div>\n      <\/div>\n\n            \n<style>\n#banner-1297357196 {\n  padding-top: 500px;\n}\n#banner-1297357196 .overlay {\n  background-color: rgba(0, 0, 0, 0.66);\n}\n#banner-1297357196 .banner-bg img {\n  object-position: 100% 99%;\n}\n<\/style>\n  <\/div>\n\n\n<\/div><\/div>\n<div class=\"col grid-col large-6 grid-col-1-2\" ><div class=\"col-inner\">\n\n  <div class=\"banner has-hover bg-overlay-remove-50\" id=\"banner-1049931868\">\n          <div class=\"banner-inner fill\">\n        <div class=\"banner-bg fill\" >\n            <img loading=\"lazy\" decoding=\"async\" width=\"980\" height=\"555\" src=\"https:\/\/carryfreedom.com\/wp-content\/uploads\/980-sunset-bright.jpg\" class=\"bg attachment-large size-large\" alt=\"\" \/>                        <div class=\"overlay\"><\/div>            \n                    <\/div>\n\t\t\n        <div class=\"banner-layers container\">\n            <a class=\"fill\" href=\"http:\/\/faq\"><div class=\"fill banner-link\"><\/div><\/a>            \n   <div id=\"text-box-1604519051\" class=\"text-box banner-layer x95 md-x95 lg-x95 y50 md-y50 lg-y50 res-text\">\n                                <div class=\"text-box-content text dark\">\n              \n              <div class=\"text-inner text-right\">\n                  \n<h2 class=\"uppercase\"><strong>FAQ<\/strong><\/h2>\n<h3>Deine Fragen&#8230;<\/h3>\n<p class=\"lead\">&#8230;und die Antworten auf diese Fragen. Sag uns Bescheid, wenn irgendetwas fehlt.<\/p>\n<a href=\"https:\/\/carryfreedom.com\/de\/support-de\/faq\/\" class=\"button white is-outline is-larger\" >\n\t\t<span>Los geht's<\/span>\n\t<\/a>\n\n              <\/div>\n           <\/div>\n                            \n<style>\n#text-box-1604519051 {\n  width: 60%;\n}\n#text-box-1604519051 .text-box-content {\n  font-size: 100%;\n}\n@media (min-width:550px) {\n  #text-box-1604519051 {\n    width: 40%;\n  }\n}\n<\/style>\n    <\/div>\n \n        <\/div>\n      <\/div>\n\n            \n<style>\n#banner-1049931868 {\n  padding-top: 500px;\n}\n#banner-1049931868 .overlay {\n  background-color: rgba(0, 0, 0, 0.31);\n}\n<\/style>\n  <\/div>\n\n\n<\/div><\/div>\n<div class=\"col grid-col large-3 grid-col-1-2\" ><div class=\"col-inner\">\n\n  <div class=\"banner has-hover bg-overlay-remove\" id=\"banner-1701311170\">\n          <div class=\"banner-inner fill\">\n        <div class=\"banner-bg fill\" >\n            <img loading=\"lazy\" decoding=\"async\" width=\"1020\" height=\"1020\" src=\"https:\/\/carryfreedom.com\/wp-content\/uploads\/BAckground-Red-Surf-bottom-2021-1024x1024.jpg\" class=\"bg attachment-large size-large\" alt=\"\" \/>                        <div class=\"overlay\"><\/div>            \n                    <\/div>\n\t\t\n        <div class=\"banner-layers container\">\n            <a class=\"fill\" href=\"https:\/\/carryfreedom.com\/de\/about\/\"><div class=\"fill banner-link\"><\/div><\/a>            \n   <div id=\"text-box-2035027670\" class=\"text-box banner-layer x50 md-x50 lg-x50 y50 md-y50 lg-y50 res-text\">\n                                <div class=\"text-box-content text dark\">\n              \n              <div class=\"text-inner text-center\">\n                  \n\t<div id=\"text-2689619625\" class=\"text\">\n\t\t\n<h2 class=\"uppercase\">\u00dcBER CARRY FREEDOM<\/h2>\n<p class=\"lead\">Was in einem H\u00fchnerstall in Schottland begann, ist heute eine f\u00fchrende Marke f\u00fcr Fahrradanh\u00e4nger. Lies mehr \u00fcber uns.<\/p>\n\t\t\n<style>\n#text-2689619625 {\n  line-height: 1.3;\n}\n<\/style>\n\t<\/div>\n\t\n<a href=\"https:\/\/carryfreedom.com\/de\/about\/\" class=\"button white is-outline is-larger\" >\n\t\t<span>Bring mich hin<\/span>\n\t<\/a>\n\n              <\/div>\n           <\/div>\n                            \n<style>\n#text-box-2035027670 {\n  width: 73%;\n}\n#text-box-2035027670 .text-box-content {\n  font-size: 100%;\n}\n<\/style>\n    <\/div>\n \n        <\/div>\n      <\/div>\n\n            \n<style>\n#banner-1701311170 {\n  padding-top: 500px;\n}\n#banner-1701311170 .overlay {\n  background-color: rgba(0, 0, 0, 0.66);\n}\n#banner-1701311170 .banner-bg img {\n  object-position: 100% 99%;\n}\n<\/style>\n  <\/div>\n\n\n<\/div><\/div>\n<div class=\"col grid-col large-3 grid-col-1-2\" ><div class=\"col-inner\">\n\n  <div class=\"banner has-hover bg-overlay-remove\" id=\"banner-209947425\">\n          <div class=\"banner-inner fill\">\n        <div class=\"banner-bg fill\" >\n            <img loading=\"lazy\" decoding=\"async\" width=\"1020\" height=\"1020\" src=\"https:\/\/carryfreedom.com\/wp-content\/uploads\/BAckground-Red-Surf-bottom-2021-1024x1024.jpg\" class=\"bg attachment-large size-large\" alt=\"\" \/>                        <div class=\"overlay\"><\/div>            \n                    <\/div>\n\t\t\n        <div class=\"banner-layers container\">\n            <a class=\"fill\" href=\"http:\/\/Kontakt\"><div class=\"fill banner-link\"><\/div><\/a>            \n   <div id=\"text-box-830234698\" class=\"text-box banner-layer x50 md-x50 lg-x50 y50 md-y50 lg-y50 res-text\">\n                                <div class=\"text-box-content text dark\">\n              \n              <div class=\"text-inner text-center\">\n                  \n<h2 class=\"uppercase\">Kontakt<\/h2>\n<p class=\"lead\">Ist etwas unklar? Sende uns eine Nachricht&#8230;<\/p>\n<a href=\"https:\/\/carryfreedom.com\/de\/kontakt\/\" class=\"button white is-outline is-larger\" >\n\t\t<span>Los geht's<\/span>\n\t<\/a>\n\n              <\/div>\n           <\/div>\n                            \n<style>\n#text-box-830234698 {\n  width: 60%;\n}\n#text-box-830234698 .text-box-content {\n  font-size: 100%;\n}\n<\/style>\n    <\/div>\n \n        <\/div>\n      <\/div>\n\n            \n<style>\n#banner-209947425 {\n  padding-top: 500px;\n  background-color: rgb(189, 24, 24);\n}\n#banner-209947425 .overlay {\n  background-color: rgba(0, 0, 0, 0.66);\n}\n#banner-209947425 .banner-bg img {\n  object-position: 100% 98%;\n}\n<\/style>\n  <\/div>\n\n\n<\/div><\/div>\n<div class=\"col grid-col large-6 grid-col-1-3\" ><div class=\"col-inner\">\n\n  <div class=\"banner has-hover bg-overlay-remove\" id=\"banner-2066149617\">\n          <div class=\"banner-inner fill\">\n        <div class=\"banner-bg fill\" >\n            <img loading=\"lazy\" decoding=\"async\" width=\"1020\" height=\"1020\" src=\"https:\/\/carryfreedom.com\/wp-content\/uploads\/BAckground-Red-Trailer-bottom-2021-1024x1024.jpg\" class=\"bg attachment-large size-large\" alt=\"\" \/>                        <div class=\"overlay\"><\/div>            \n                    <\/div>\n\t\t\n        <div class=\"banner-layers container\">\n            <div class=\"fill banner-link\"><\/div>            \n   <div id=\"text-box-1955578086\" class=\"text-box banner-layer x50 md-x50 lg-x50 y50 md-y50 lg-y50 res-text\">\n                                <div class=\"text-box-content text dark\">\n              \n              <div class=\"text-inner text-center\">\n                  \n<h2 class=\"uppercase\">H\u00c4NDLERKARTE<\/h2>\n<p class=\"lead\">Finde einen Carry Freedom H\u00e4ndler vor Ort, der dir helfen kann.<\/p>\n<a href=\"\/de\/haendler\/\" class=\"button white is-outline is-larger\" >\n\t\t<span>Klick mich<\/span>\n\t<\/a>\n\n              <\/div>\n           <\/div>\n                            \n<style>\n#text-box-1955578086 {\n  width: 60%;\n}\n#text-box-1955578086 .text-box-content {\n  font-size: 100%;\n}\n<\/style>\n    <\/div>\n \n        <\/div>\n      <\/div>\n\n            \n<style>\n#banner-2066149617 {\n  padding-top: 500px;\n}\n#banner-2066149617 .overlay {\n  background-color: rgba(0, 0, 0, 0.66);\n}\n#banner-2066149617 .banner-bg img {\n  object-position: 100% 100%;\n}\n<\/style>\n  <\/div>\n\n\n<\/div><\/div>\n            <\/div>\n    <style>\n    #banner-grid-856535607 .grid-col-1{height: 600px}\n    #banner-grid-856535607 .grid-col-1-2{height: 300px}\n    #banner-grid-856535607 .grid-col-1-3{height:200px}\n    #banner-grid-856535607 .grid-col-2-3{height: 400px}\n    #banner-grid-856535607 .grid-col-1-4{height: 150px}\n    #banner-grid-856535607 .grid-col-3-4{height: 450px}\n\n\n    \n    \n\n  <\/style>\n    <\/div>\n  \n","protected":false},"excerpt":{"rendered":"","protected":false},"author":1,"featured_media":0,"parent":0,"menu_order":0,"comment_status":"closed","ping_status":"closed","template":"","meta":{"footnotes":""},"wf_page_folders":[],"class_list":["post-76502","page","type-page","status-publish","hentry"],"yoast_head":"<!-- This site is optimized with the Yoast SEO Premium plugin v26.9 (Yoast SEO v27.4) - https:\/\/yoast.com\/product\/yoast-seo-premium-wordpress\/ -->\n<title>Support - The CARRY FREEDOM Webshop<\/title>\n<meta name=\"robots\" content=\"index, follow, max-snippet:-1, max-image-preview:large, max-video-preview:-1\" \/>\n<link rel=\"canonical\" href=\"https:\/\/carryfreedom.com\/de\/support-de\/\" \/>\n<meta property=\"og:locale\" content=\"de_DE\" \/>\n<meta property=\"og:type\" content=\"article\" \/>\n<meta property=\"og:title\" content=\"Support\" \/>\n<meta property=\"og:url\" content=\"https:\/\/carryfreedom.com\/de\/support-de\/\" \/>\n<meta property=\"og:site_name\" content=\"The CARRY FREEDOM Webshop\" \/>\n<meta property=\"article:publisher\" content=\"https:\/\/www.facebook.com\/carryfreedom\" \/>\n<meta property=\"article:modified_time\" content=\"2022-10-14T11:41:50+00:00\" \/>\n<meta name=\"twitter:card\" content=\"summary_large_image\" \/>\n<meta name=\"twitter:site\" content=\"@carry_freedom\" \/>\n<meta name=\"twitter:label1\" content=\"Gesch\u00e4tzte Lesezeit\" \/>\n\t<meta name=\"twitter:data1\" content=\"2\u00a0Minuten\" \/>\n<script type=\"application\/ld+json\" class=\"yoast-schema-graph\">{\"@context\":\"https:\\\/\\\/schema.org\",\"@graph\":[{\"@type\":\"WebPage\",\"@id\":\"https:\\\/\\\/carryfreedom.com\\\/de\\\/support-de\\\/\",\"url\":\"https:\\\/\\\/carryfreedom.com\\\/de\\\/support-de\\\/\",\"name\":\"Support - The CARRY FREEDOM Webshop\",\"isPartOf\":{\"@id\":\"https:\\\/\\\/carryfreedom.com\\\/de\\\/#website\"},\"datePublished\":\"2021-11-25T12:03:15+00:00\",\"dateModified\":\"2022-10-14T11:41:50+00:00\",\"breadcrumb\":{\"@id\":\"https:\\\/\\\/carryfreedom.com\\\/de\\\/support-de\\\/#breadcrumb\"},\"inLanguage\":\"de\",\"potentialAction\":[{\"@type\":\"ReadAction\",\"target\":[\"https:\\\/\\\/carryfreedom.com\\\/de\\\/support-de\\\/\"]}]},{\"@type\":\"BreadcrumbList\",\"@id\":\"https:\\\/\\\/carryfreedom.com\\\/de\\\/support-de\\\/#breadcrumb\",\"itemListElement\":[{\"@type\":\"ListItem\",\"position\":1,\"name\":\"Home\",\"item\":\"https:\\\/\\\/carryfreedom.com\\\/de\\\/home21\\\/\"},{\"@type\":\"ListItem\",\"position\":2,\"name\":\"Support\"}]},{\"@type\":\"WebSite\",\"@id\":\"https:\\\/\\\/carryfreedom.com\\\/de\\\/#website\",\"url\":\"https:\\\/\\\/carryfreedom.com\\\/de\\\/\",\"name\":\"The CARRY FREEDOM Webshop\",\"description\":\"A BIKE TRAILER REVOLUTION\",\"publisher\":{\"@id\":\"https:\\\/\\\/carryfreedom.com\\\/de\\\/#organization\"},\"potentialAction\":[{\"@type\":\"SearchAction\",\"target\":{\"@type\":\"EntryPoint\",\"urlTemplate\":\"https:\\\/\\\/carryfreedom.com\\\/de\\\/?s={search_term_string}\"},\"query-input\":{\"@type\":\"PropertyValueSpecification\",\"valueRequired\":true,\"valueName\":\"search_term_string\"}}],\"inLanguage\":\"de\"},{\"@type\":\"Organization\",\"@id\":\"https:\\\/\\\/carryfreedom.com\\\/de\\\/#organization\",\"name\":\"The CARRY FREEDOM Webshop - USED GmbH\",\"url\":\"https:\\\/\\\/carryfreedom.com\\\/de\\\/\",\"logo\":{\"@type\":\"ImageObject\",\"inLanguage\":\"de\",\"@id\":\"https:\\\/\\\/carryfreedom.com\\\/de\\\/#\\\/schema\\\/logo\\\/image\\\/\",\"url\":\"https:\\\/\\\/carryfreedom.com\\\/wp-content\\\/uploads\\\/Standard-Yoast.jpg\",\"contentUrl\":\"https:\\\/\\\/carryfreedom.com\\\/wp-content\\\/uploads\\\/Standard-Yoast.jpg\",\"width\":1200,\"height\":675,\"caption\":\"The CARRY FREEDOM Webshop - USED GmbH\"},\"image\":{\"@id\":\"https:\\\/\\\/carryfreedom.com\\\/de\\\/#\\\/schema\\\/logo\\\/image\\\/\"},\"sameAs\":[\"https:\\\/\\\/www.facebook.com\\\/carryfreedom\",\"https:\\\/\\\/x.com\\\/carry_freedom\",\"https:\\\/\\\/www.instagram.com\\\/carryfreedomhq\\\/\"]}]}<\/script>\n<!-- \/ Yoast SEO Premium plugin. -->","yoast_head_json":{"title":"Support - The CARRY FREEDOM Webshop","robots":{"index":"index","follow":"follow","max-snippet":"max-snippet:-1","max-image-preview":"max-image-preview:large","max-video-preview":"max-video-preview:-1"},"canonical":"https:\/\/carryfreedom.com\/de\/support-de\/","og_locale":"de_DE","og_type":"article","og_title":"Support","og_url":"https:\/\/carryfreedom.com\/de\/support-de\/","og_site_name":"The CARRY FREEDOM Webshop","article_publisher":"https:\/\/www.facebook.com\/carryfreedom","article_modified_time":"2022-10-14T11:41:50+00:00","twitter_card":"summary_large_image","twitter_site":"@carry_freedom","twitter_misc":{"Gesch\u00e4tzte Lesezeit":"2\u00a0Minuten"},"schema":{"@context":"https:\/\/schema.org","@graph":[{"@type":"WebPage","@id":"https:\/\/carryfreedom.com\/de\/support-de\/","url":"https:\/\/carryfreedom.com\/de\/support-de\/","name":"Support - The CARRY FREEDOM Webshop","isPartOf":{"@id":"https:\/\/carryfreedom.com\/de\/#website"},"datePublished":"2021-11-25T12:03:15+00:00","dateModified":"2022-10-14T11:41:50+00:00","breadcrumb":{"@id":"https:\/\/carryfreedom.com\/de\/support-de\/#breadcrumb"},"inLanguage":"de","potentialAction":[{"@type":"ReadAction","target":["https:\/\/carryfreedom.com\/de\/support-de\/"]}]},{"@type":"BreadcrumbList","@id":"https:\/\/carryfreedom.com\/de\/support-de\/#breadcrumb","itemListElement":[{"@type":"ListItem","position":1,"name":"Home","item":"https:\/\/carryfreedom.com\/de\/home21\/"},{"@type":"ListItem","position":2,"name":"Support"}]},{"@type":"WebSite","@id":"https:\/\/carryfreedom.com\/de\/#website","url":"https:\/\/carryfreedom.com\/de\/","name":"The CARRY FREEDOM Webshop","description":"A BIKE TRAILER REVOLUTION","publisher":{"@id":"https:\/\/carryfreedom.com\/de\/#organization"},"potentialAction":[{"@type":"SearchAction","target":{"@type":"EntryPoint","urlTemplate":"https:\/\/carryfreedom.com\/de\/?s={search_term_string}"},"query-input":{"@type":"PropertyValueSpecification","valueRequired":true,"valueName":"search_term_string"}}],"inLanguage":"de"},{"@type":"Organization","@id":"https:\/\/carryfreedom.com\/de\/#organization","name":"The CARRY FREEDOM Webshop - USED GmbH","url":"https:\/\/carryfreedom.com\/de\/","logo":{"@type":"ImageObject","inLanguage":"de","@id":"https:\/\/carryfreedom.com\/de\/#\/schema\/logo\/image\/","url":"https:\/\/carryfreedom.com\/wp-content\/uploads\/Standard-Yoast.jpg","contentUrl":"https:\/\/carryfreedom.com\/wp-content\/uploads\/Standard-Yoast.jpg","width":1200,"height":675,"caption":"The CARRY FREEDOM Webshop - USED GmbH"},"image":{"@id":"https:\/\/carryfreedom.com\/de\/#\/schema\/logo\/image\/"},"sameAs":["https:\/\/www.facebook.com\/carryfreedom","https:\/\/x.com\/carry_freedom","https:\/\/www.instagram.com\/carryfreedomhq\/"]}]}},"_links":{"self":[{"href":"https:\/\/carryfreedom.com\/de\/wp-json\/wp\/v2\/pages\/76502","targetHints":{"allow":["GET"]}}],"collection":[{"href":"https:\/\/carryfreedom.com\/de\/wp-json\/wp\/v2\/pages"}],"about":[{"href":"https:\/\/carryfreedom.com\/de\/wp-json\/wp\/v2\/types\/page"}],"author":[{"embeddable":true,"href":"https:\/\/carryfreedom.com\/de\/wp-json\/wp\/v2\/users\/1"}],"replies":[{"embeddable":true,"href":"https:\/\/carryfreedom.com\/de\/wp-json\/wp\/v2\/comments?post=76502"}],"version-history":[{"count":0,"href":"https:\/\/carryfreedom.com\/de\/wp-json\/wp\/v2\/pages\/76502\/revisions"}],"wp:attachment":[{"href":"https:\/\/carryfreedom.com\/de\/wp-json\/wp\/v2\/media?parent=76502"}],"wp:term":[{"taxonomy":"wf_page_folders","embeddable":true,"href":"https:\/\/carryfreedom.com\/de\/wp-json\/wp\/v2\/wf_page_folders?post=76502"}],"curies":[{"name":"wp","href":"https:\/\/api.w.org\/{rel}","templated":true}]}}